{"id":5,"date":"2022-08-23T20:18:23","date_gmt":"2022-08-23T20:18:23","guid":{"rendered":"http:\/\/localhost\/zywave-websites\/spanish-content\/?page_id=5"},"modified":"2022-08-23T20:18:23","modified_gmt":"2022-08-23T20:18:23","slug":"thank-you","status":"publish","type":"page","link":"https:\/\/www.ayalamvs.com\/es\/thank-you\/","title":{"rendered":"Gracias por su solicitud de cotizaci\u00f3n"},"content":{"rendered":"<p>Gracias por solicitar una cotizaci\u00f3n. Nuestra agencia espera poder brindarle una cotizaci\u00f3n competitiva para una p\u00f3liza integral. Uno de nuestros agentes se pondr\u00e1 en contacto con usted con respecto a su solicitud lo antes posible.<\/p>\n<p>Si tiene preguntas o necesita actualizar su solicitud de cotizaci\u00f3n, no dude en comunicarse con nuestra agencia al <strong>602-443-5505<\/strong>.<\/p>\n","protected":false},"excerpt":{"rendered":"<p>Gracias por solicitar una cotizaci\u00f3n. Nuestra agencia espera poder brindarle una cotizaci\u00f3n competitiva para una p\u00f3liza integral. Uno de nuestros [&hellip;]<\/p>\n","protected":false},"author":6,"featured_media":0,"parent":0,"menu_order":0,"comment_status":"closed","ping_status":"closed","template":"","meta":{"_acf_changed":false,"_seopress_robots_primary_cat":null,"_seopress_titles_title":"","_seopress_titles_desc":"","_seopress_robots_index":"","_analytify_skip_tracking":false,"footnotes":""},"class_list":["post-5","page","type-page","status-publish","hentry"],"acf":[],"_links":{"self":[{"href":"https:\/\/www.ayalamvs.com\/es\/wp-json\/wp\/v2\/pages\/5","targetHints":{"allow":["GET"]}}],"collection":[{"href":"https:\/\/www.ayalamvs.com\/es\/wp-json\/wp\/v2\/pages"}],"about":[{"href":"https:\/\/www.ayalamvs.com\/es\/wp-json\/wp\/v2\/types\/page"}],"author":[{"embeddable":true,"href":"https:\/\/www.ayalamvs.com\/es\/wp-json\/wp\/v2\/users\/6"}],"replies":[{"embeddable":true,"href":"https:\/\/www.ayalamvs.com\/es\/wp-json\/wp\/v2\/comments?post=5"}],"version-history":[{"count":0,"href":"https:\/\/www.ayalamvs.com\/es\/wp-json\/wp\/v2\/pages\/5\/revisions"}],"wp:attachment":[{"href":"https:\/\/www.ayalamvs.com\/es\/wp-json\/wp\/v2\/media?parent=5"}],"curies":[{"name":"wp","href":"https:\/\/api.w.org\/{rel}","templated":true}]}}