{"id":420,"date":"2022-06-20T10:45:26","date_gmt":"2022-06-20T15:45:26","guid":{"rendered":"http:\/\/ayala-motor-vehicle-services.one.zysites.com\/about-us\/"},"modified":"2022-10-21T13:03:38","modified_gmt":"2022-10-21T18:03:38","slug":"about-us","status":"publish","type":"page","link":"https:\/\/www.ayalamvs.com\/es\/about-us\/","title":{"rendered":"Sobre nosotras"},"content":{"rendered":"<h2>BIENVENIDO A AYALA MOTOR VEHICLE SERVICES<\/h2>\n<p>Como proveedor externo autorizado, nos enorgullece ofrecer servicios de registro y t\u00edtulo de veh\u00edculos motorizados en asociaci\u00f3n con la Divisi\u00f3n de Veh\u00edculos Motorizados del Departamento de Transporte de Arizona. La familia de empresas Ayala se expandi\u00f3 para ofrecer estos servicios, ya que se hizo evidente una demanda en nuestras oficinas de seguros. Escuchamos de clientes que con frecuencia nos dijeron que desear\u00edan no tener que ir al MVD, esperando en largas filas, para cosas simples como renovar su registro, transferir t\u00edtulos o actualizar su informaci\u00f3n de seguro con el MVD de Arizona.<br \/>\n<span data-ccp-props=\"{&quot;134233117&quot;:true,&quot;134233118&quot;:true,&quot;201341983&quot;:0,&quot;335559739&quot;:0,&quot;335559740&quot;:240}\"><img decoding=\"async\" class=\"alignleft lazyload\" data-src=\"http:\/\/www.ayalamvs.com\/images\/AYALA-ASTON-DB9.png\" width=\"399\" height=\"266\" src=\"data:image\/svg+xml;base64,PHN2ZyB3aWR0aD0iMSIgaGVpZ2h0PSIxIiB4bWxucz0iaHR0cDovL3d3dy53My5vcmcvMjAwMC9zdmciPjwvc3ZnPg==\" style=\"--smush-placeholder-width: 399px; --smush-placeholder-aspect-ratio: 399\/266;\" \/><\/span><\/p>\n<p>Nuestro objetivo es ayudarlo a volver a las cosas que son importantes para usted&#8230; lo m\u00e1s r\u00e1pido posible. \u00a1Vis\u00edtenos y ponga a nuestro personal a trabajar para usted! Podemos tenerte dentro y fuera en poco tiempo. \u00bfNecesita una placa, transferencia de t\u00edtulo, renovaci\u00f3n de registro, registro de reemplazo o placa? \u00a1La mayor\u00eda de estos servicios se pueden realizar en menos de 15 minutos! Compare eso con esperar en la fila en el MVD, para que llamen a su n\u00famero&#8230; Omita la espera.<\/p>\n","protected":false},"excerpt":{"rendered":"<p>BIENVENIDO A AYALA MOTOR VEHICLE SERVICES Como proveedor externo autorizado, nos enorgullece ofrecer servicios de registro y t\u00edtulo de veh\u00edculos [&hellip;]<\/p>\n","protected":false},"author":6,"featured_media":0,"parent":0,"menu_order":0,"comment_status":"closed","ping_status":"closed","template":"","meta":{"_acf_changed":false,"_seopress_robots_primary_cat":"0","_seopress_titles_title":"","_seopress_titles_desc":"","_seopress_robots_index":"","_analytify_skip_tracking":false,"footnotes":""},"class_list":["post-420","page","type-page","status-publish","hentry"],"acf":[],"_links":{"self":[{"href":"https:\/\/www.ayalamvs.com\/es\/wp-json\/wp\/v2\/pages\/420","targetHints":{"allow":["GET"]}}],"collection":[{"href":"https:\/\/www.ayalamvs.com\/es\/wp-json\/wp\/v2\/pages"}],"about":[{"href":"https:\/\/www.ayalamvs.com\/es\/wp-json\/wp\/v2\/types\/page"}],"author":[{"embeddable":true,"href":"https:\/\/www.ayalamvs.com\/es\/wp-json\/wp\/v2\/users\/6"}],"replies":[{"embeddable":true,"href":"https:\/\/www.ayalamvs.com\/es\/wp-json\/wp\/v2\/comments?post=420"}],"version-history":[{"count":0,"href":"https:\/\/www.ayalamvs.com\/es\/wp-json\/wp\/v2\/pages\/420\/revisions"}],"wp:attachment":[{"href":"https:\/\/www.ayalamvs.com\/es\/wp-json\/wp\/v2\/media?parent=420"}],"curies":[{"name":"wp","href":"https:\/\/api.w.org\/{rel}","templated":true}]}}